{"id":465,"date":"2023-05-24T09:17:03","date_gmt":"2023-05-24T09:17:03","guid":{"rendered":"https:\/\/www.hall-con.com\/?page_id=465"},"modified":"2023-09-07T09:04:38","modified_gmt":"2023-09-07T09:04:38","slug":"construction-de-halls","status":"publish","type":"page","link":"https:\/\/hall-con.com\/fr\/construction-de-halls\/","title":{"rendered":"Construction de halls"},"content":{"rendered":"","protected":false},"excerpt":{"rendered":"","protected":false},"author":1,"featured_media":0,"parent":0,"menu_order":5,"comment_status":"closed","ping_status":"closed","template":"page-halls.php","meta":{"_acf_changed":false,"footnotes":""},"class_list":["post-465","page","type-page","status-publish","hentry"],"acf":[],"yoast_head":"<!-- This site is optimized with the Yoast SEO plugin v23.3 - https:\/\/yoast.com\/wordpress\/plugins\/seo\/ -->\n<title>La construction de halls est la force de Hallcon au Luxembourg.<\/title>\n<meta name=\"description\" content=\"La construction de halls est notre sp\u00e9cialit\u00e9 ! Peu importe le mat\u00e9riel, peu importe le but. Notre \u00e9quipe exp\u00e9riment\u00e9e planifie votre projet de A \u00e0 Z et le met ensuite en \u0153uvre. Hallcon, votre expert en construction de halls !\" \/>\n<meta name=\"robots\" content=\"index, follow, max-snippet:-1, max-image-preview:large, max-video-preview:-1\" \/>\n<link rel=\"canonical\" href=\"https:\/\/hall-con.com\/fr\/construction-de-halls\/\" \/>\n<meta property=\"og:locale\" content=\"fr_FR\" \/>\n<meta property=\"og:type\" content=\"article\" \/>\n<meta property=\"og:title\" content=\"La construction de halls est la force de Hallcon au Luxembourg.\" \/>\n<meta property=\"og:description\" content=\"La construction de halls est notre sp\u00e9cialit\u00e9 ! Peu importe le mat\u00e9riel, peu importe le but. Notre \u00e9quipe exp\u00e9riment\u00e9e planifie votre projet de A \u00e0 Z et le met ensuite en \u0153uvre. Hallcon, votre expert en construction de halls !\" \/>\n<meta property=\"og:url\" content=\"https:\/\/hall-con.com\/fr\/construction-de-halls\/\" \/>\n<meta property=\"og:site_name\" content=\"Hallcon\" \/>\n<meta property=\"article:modified_time\" content=\"2023-09-07T09:04:38+00:00\" \/>\n<meta name=\"twitter:card\" content=\"summary_large_image\" \/>\n<script type=\"application\/ld+json\" class=\"yoast-schema-graph\">{\"@context\":\"https:\/\/schema.org\",\"@graph\":[{\"@type\":\"WebPage\",\"@id\":\"https:\/\/hall-con.com\/fr\/construction-de-halls\/\",\"url\":\"https:\/\/hall-con.com\/fr\/construction-de-halls\/\",\"name\":\"La construction de halls est la force de Hallcon au Luxembourg.\",\"isPartOf\":{\"@id\":\"https:\/\/hall-con.com\/fr\/#website\"},\"datePublished\":\"2023-05-24T09:17:03+00:00\",\"dateModified\":\"2023-09-07T09:04:38+00:00\",\"description\":\"La construction de halls est notre sp\u00e9cialit\u00e9 ! Peu importe le mat\u00e9riel, peu importe le but. Notre \u00e9quipe exp\u00e9riment\u00e9e planifie votre projet de A \u00e0 Z et le met ensuite en \u0153uvre. Hallcon, votre expert en construction de halls !\",\"breadcrumb\":{\"@id\":\"https:\/\/hall-con.com\/fr\/construction-de-halls\/#breadcrumb\"},\"inLanguage\":\"fr-FR\",\"potentialAction\":[{\"@type\":\"ReadAction\",\"target\":[\"https:\/\/hall-con.com\/fr\/construction-de-halls\/\"]}]},{\"@type\":\"BreadcrumbList\",\"@id\":\"https:\/\/hall-con.com\/fr\/construction-de-halls\/#breadcrumb\",\"itemListElement\":[{\"@type\":\"ListItem\",\"position\":1,\"name\":\"Home\",\"item\":\"https:\/\/hall-con.com\/fr\/\"},{\"@type\":\"ListItem\",\"position\":2,\"name\":\"Construction de halls\"}]},{\"@type\":\"WebSite\",\"@id\":\"https:\/\/hall-con.com\/fr\/#website\",\"url\":\"https:\/\/hall-con.com\/fr\/\",\"name\":\"Hallcon\",\"description\":\"\",\"potentialAction\":[{\"@type\":\"SearchAction\",\"target\":{\"@type\":\"EntryPoint\",\"urlTemplate\":\"https:\/\/hall-con.com\/fr\/?s={search_term_string}\"},\"query-input\":\"required name=search_term_string\"}],\"inLanguage\":\"fr-FR\"}]}<\/script>\n<!-- \/ Yoast SEO plugin. -->","yoast_head_json":{"title":"La construction de halls est la force de Hallcon au Luxembourg.","description":"La construction de halls est notre sp\u00e9cialit\u00e9 ! Peu importe le mat\u00e9riel, peu importe le but. Notre \u00e9quipe exp\u00e9riment\u00e9e planifie votre projet de A \u00e0 Z et le met ensuite en \u0153uvre. Hallcon, votre expert en construction de halls !","robots":{"index":"index","follow":"follow","max-snippet":"max-snippet:-1","max-image-preview":"max-image-preview:large","max-video-preview":"max-video-preview:-1"},"canonical":"https:\/\/hall-con.com\/fr\/construction-de-halls\/","og_locale":"fr_FR","og_type":"article","og_title":"La construction de halls est la force de Hallcon au Luxembourg.","og_description":"La construction de halls est notre sp\u00e9cialit\u00e9 ! Peu importe le mat\u00e9riel, peu importe le but. Notre \u00e9quipe exp\u00e9riment\u00e9e planifie votre projet de A \u00e0 Z et le met ensuite en \u0153uvre. Hallcon, votre expert en construction de halls !","og_url":"https:\/\/hall-con.com\/fr\/construction-de-halls\/","og_site_name":"Hallcon","article_modified_time":"2023-09-07T09:04:38+00:00","twitter_card":"summary_large_image","schema":{"@context":"https:\/\/schema.org","@graph":[{"@type":"WebPage","@id":"https:\/\/hall-con.com\/fr\/construction-de-halls\/","url":"https:\/\/hall-con.com\/fr\/construction-de-halls\/","name":"La construction de halls est la force de Hallcon au Luxembourg.","isPartOf":{"@id":"https:\/\/hall-con.com\/fr\/#website"},"datePublished":"2023-05-24T09:17:03+00:00","dateModified":"2023-09-07T09:04:38+00:00","description":"La construction de halls est notre sp\u00e9cialit\u00e9 ! Peu importe le mat\u00e9riel, peu importe le but. Notre \u00e9quipe exp\u00e9riment\u00e9e planifie votre projet de A \u00e0 Z et le met ensuite en \u0153uvre. Hallcon, votre expert en construction de halls !","breadcrumb":{"@id":"https:\/\/hall-con.com\/fr\/construction-de-halls\/#breadcrumb"},"inLanguage":"fr-FR","potentialAction":[{"@type":"ReadAction","target":["https:\/\/hall-con.com\/fr\/construction-de-halls\/"]}]},{"@type":"BreadcrumbList","@id":"https:\/\/hall-con.com\/fr\/construction-de-halls\/#breadcrumb","itemListElement":[{"@type":"ListItem","position":1,"name":"Home","item":"https:\/\/hall-con.com\/fr\/"},{"@type":"ListItem","position":2,"name":"Construction de halls"}]},{"@type":"WebSite","@id":"https:\/\/hall-con.com\/fr\/#website","url":"https:\/\/hall-con.com\/fr\/","name":"Hallcon","description":"","potentialAction":[{"@type":"SearchAction","target":{"@type":"EntryPoint","urlTemplate":"https:\/\/hall-con.com\/fr\/?s={search_term_string}"},"query-input":"required name=search_term_string"}],"inLanguage":"fr-FR"}]}},"_links":{"self":[{"href":"https:\/\/hall-con.com\/fr\/wp-json\/wp\/v2\/pages\/465"}],"collection":[{"href":"https:\/\/hall-con.com\/fr\/wp-json\/wp\/v2\/pages"}],"about":[{"href":"https:\/\/hall-con.com\/fr\/wp-json\/wp\/v2\/types\/page"}],"author":[{"embeddable":true,"href":"https:\/\/hall-con.com\/fr\/wp-json\/wp\/v2\/users\/1"}],"replies":[{"embeddable":true,"href":"https:\/\/hall-con.com\/fr\/wp-json\/wp\/v2\/comments?post=465"}],"version-history":[{"count":0,"href":"https:\/\/hall-con.com\/fr\/wp-json\/wp\/v2\/pages\/465\/revisions"}],"wp:attachment":[{"href":"https:\/\/hall-con.com\/fr\/wp-json\/wp\/v2\/media?parent=465"}],"curies":[{"name":"wp","href":"https:\/\/api.w.org\/{rel}","templated":true}]}}