{"id":268,"date":"2022-04-06T11:12:56","date_gmt":"2022-04-06T11:12:56","guid":{"rendered":"https:\/\/www.hall-con.com\/?page_id=268"},"modified":"2023-08-29T14:28:01","modified_gmt":"2023-08-29T14:28:01","slug":"contactez-nous","status":"publish","type":"page","link":"https:\/\/hall-con.com\/fr\/contactez-nous\/","title":{"rendered":"Contactez-nous"},"content":{"rendered":"","protected":false},"excerpt":{"rendered":"","protected":false},"author":1,"featured_media":0,"parent":0,"menu_order":10,"comment_status":"closed","ping_status":"closed","template":"page-contact.php","meta":{"_acf_changed":false,"footnotes":""},"class_list":["post-268","page","type-page","status-publish","hentry"],"acf":[],"yoast_head":"<!-- This site is optimized with the Yoast SEO plugin v23.3 - https:\/\/yoast.com\/wordpress\/plugins\/seo\/ -->\n<title>Contactez Hallcon, votre sp\u00e9cialiste pour la construction de halls.<\/title>\n<meta name=\"description\" content=\"Hallcon au Luxembourg, votre sp\u00e9cialiste pour les halls en bois et la construction de halls de toute sorte. Qu&#039;il s&#039;agisse de man\u00e8ges, de salles de sport, de halls industrielles ou d&#039;\u00e9curies, contactez Hallcon !\" \/>\n<meta name=\"robots\" content=\"index, follow, max-snippet:-1, max-image-preview:large, max-video-preview:-1\" \/>\n<link rel=\"canonical\" href=\"https:\/\/hall-con.com\/fr\/contactez-nous\/\" \/>\n<meta property=\"og:locale\" content=\"fr_FR\" \/>\n<meta property=\"og:type\" content=\"article\" \/>\n<meta property=\"og:title\" content=\"Contactez Hallcon, votre sp\u00e9cialiste pour la construction de halls.\" \/>\n<meta property=\"og:description\" content=\"Hallcon au Luxembourg, votre sp\u00e9cialiste pour les halls en bois et la construction de halls de toute sorte. Qu&#039;il s&#039;agisse de man\u00e8ges, de salles de sport, de halls industrielles ou d&#039;\u00e9curies, contactez Hallcon !\" \/>\n<meta property=\"og:url\" content=\"https:\/\/hall-con.com\/fr\/contactez-nous\/\" \/>\n<meta property=\"og:site_name\" content=\"Hallcon\" \/>\n<meta property=\"article:modified_time\" content=\"2023-08-29T14:28:01+00:00\" \/>\n<meta name=\"twitter:card\" content=\"summary_large_image\" \/>\n<script type=\"application\/ld+json\" class=\"yoast-schema-graph\">{\"@context\":\"https:\/\/schema.org\",\"@graph\":[{\"@type\":\"WebPage\",\"@id\":\"https:\/\/hall-con.com\/fr\/contactez-nous\/\",\"url\":\"https:\/\/hall-con.com\/fr\/contactez-nous\/\",\"name\":\"Contactez Hallcon, votre sp\u00e9cialiste pour la construction de halls.\",\"isPartOf\":{\"@id\":\"https:\/\/hall-con.com\/fr\/#website\"},\"datePublished\":\"2022-04-06T11:12:56+00:00\",\"dateModified\":\"2023-08-29T14:28:01+00:00\",\"description\":\"Hallcon au Luxembourg, votre sp\u00e9cialiste pour les halls en bois et la construction de halls de toute sorte. Qu'il s'agisse de man\u00e8ges, de salles de sport, de halls industrielles ou d'\u00e9curies, contactez Hallcon !\",\"breadcrumb\":{\"@id\":\"https:\/\/hall-con.com\/fr\/contactez-nous\/#breadcrumb\"},\"inLanguage\":\"fr-FR\",\"potentialAction\":[{\"@type\":\"ReadAction\",\"target\":[\"https:\/\/hall-con.com\/fr\/contactez-nous\/\"]}]},{\"@type\":\"BreadcrumbList\",\"@id\":\"https:\/\/hall-con.com\/fr\/contactez-nous\/#breadcrumb\",\"itemListElement\":[{\"@type\":\"ListItem\",\"position\":1,\"name\":\"Home\",\"item\":\"https:\/\/hall-con.com\/fr\/\"},{\"@type\":\"ListItem\",\"position\":2,\"name\":\"Contactez-nous\"}]},{\"@type\":\"WebSite\",\"@id\":\"https:\/\/hall-con.com\/fr\/#website\",\"url\":\"https:\/\/hall-con.com\/fr\/\",\"name\":\"Hallcon\",\"description\":\"\",\"potentialAction\":[{\"@type\":\"SearchAction\",\"target\":{\"@type\":\"EntryPoint\",\"urlTemplate\":\"https:\/\/hall-con.com\/fr\/?s={search_term_string}\"},\"query-input\":\"required name=search_term_string\"}],\"inLanguage\":\"fr-FR\"}]}<\/script>\n<!-- \/ Yoast SEO plugin. -->","yoast_head_json":{"title":"Contactez Hallcon, votre sp\u00e9cialiste pour la construction de halls.","description":"Hallcon au Luxembourg, votre sp\u00e9cialiste pour les halls en bois et la construction de halls de toute sorte. Qu'il s'agisse de man\u00e8ges, de salles de sport, de halls industrielles ou d'\u00e9curies, contactez Hallcon !","robots":{"index":"index","follow":"follow","max-snippet":"max-snippet:-1","max-image-preview":"max-image-preview:large","max-video-preview":"max-video-preview:-1"},"canonical":"https:\/\/hall-con.com\/fr\/contactez-nous\/","og_locale":"fr_FR","og_type":"article","og_title":"Contactez Hallcon, votre sp\u00e9cialiste pour la construction de halls.","og_description":"Hallcon au Luxembourg, votre sp\u00e9cialiste pour les halls en bois et la construction de halls de toute sorte. Qu'il s'agisse de man\u00e8ges, de salles de sport, de halls industrielles ou d'\u00e9curies, contactez Hallcon !","og_url":"https:\/\/hall-con.com\/fr\/contactez-nous\/","og_site_name":"Hallcon","article_modified_time":"2023-08-29T14:28:01+00:00","twitter_card":"summary_large_image","schema":{"@context":"https:\/\/schema.org","@graph":[{"@type":"WebPage","@id":"https:\/\/hall-con.com\/fr\/contactez-nous\/","url":"https:\/\/hall-con.com\/fr\/contactez-nous\/","name":"Contactez Hallcon, votre sp\u00e9cialiste pour la construction de halls.","isPartOf":{"@id":"https:\/\/hall-con.com\/fr\/#website"},"datePublished":"2022-04-06T11:12:56+00:00","dateModified":"2023-08-29T14:28:01+00:00","description":"Hallcon au Luxembourg, votre sp\u00e9cialiste pour les halls en bois et la construction de halls de toute sorte. Qu'il s'agisse de man\u00e8ges, de salles de sport, de halls industrielles ou d'\u00e9curies, contactez Hallcon !","breadcrumb":{"@id":"https:\/\/hall-con.com\/fr\/contactez-nous\/#breadcrumb"},"inLanguage":"fr-FR","potentialAction":[{"@type":"ReadAction","target":["https:\/\/hall-con.com\/fr\/contactez-nous\/"]}]},{"@type":"BreadcrumbList","@id":"https:\/\/hall-con.com\/fr\/contactez-nous\/#breadcrumb","itemListElement":[{"@type":"ListItem","position":1,"name":"Home","item":"https:\/\/hall-con.com\/fr\/"},{"@type":"ListItem","position":2,"name":"Contactez-nous"}]},{"@type":"WebSite","@id":"https:\/\/hall-con.com\/fr\/#website","url":"https:\/\/hall-con.com\/fr\/","name":"Hallcon","description":"","potentialAction":[{"@type":"SearchAction","target":{"@type":"EntryPoint","urlTemplate":"https:\/\/hall-con.com\/fr\/?s={search_term_string}"},"query-input":"required name=search_term_string"}],"inLanguage":"fr-FR"}]}},"_links":{"self":[{"href":"https:\/\/hall-con.com\/fr\/wp-json\/wp\/v2\/pages\/268"}],"collection":[{"href":"https:\/\/hall-con.com\/fr\/wp-json\/wp\/v2\/pages"}],"about":[{"href":"https:\/\/hall-con.com\/fr\/wp-json\/wp\/v2\/types\/page"}],"author":[{"embeddable":true,"href":"https:\/\/hall-con.com\/fr\/wp-json\/wp\/v2\/users\/1"}],"replies":[{"embeddable":true,"href":"https:\/\/hall-con.com\/fr\/wp-json\/wp\/v2\/comments?post=268"}],"version-history":[{"count":0,"href":"https:\/\/hall-con.com\/fr\/wp-json\/wp\/v2\/pages\/268\/revisions"}],"wp:attachment":[{"href":"https:\/\/hall-con.com\/fr\/wp-json\/wp\/v2\/media?parent=268"}],"curies":[{"name":"wp","href":"https:\/\/api.w.org\/{rel}","templated":true}]}}